{"id":355,"date":"2023-11-16T21:17:49","date_gmt":"2023-11-16T21:17:49","guid":{"rendered":"https:\/\/erikavansteensburg.com\/newsite\/?page_id=355"},"modified":"2024-05-20T19:24:53","modified_gmt":"2024-05-20T19:24:53","slug":"what-is-it-like","status":"publish","type":"page","link":"http:\/\/erikavansteensburg.com\/it\/what-is-it-like\/","title":{"rendered":"Com'\u00e8?"},"content":{"rendered":"<div class=\"wp-block-group has-global-padding is-layout-constrained wp-block-group-is-layout-constrained\">\n<p class=\"has-text-align-center\"><strong>Che cosa sperimenta il vostro animale durante una seduta?<\/strong><\/p>\n<\/div>\n\n\n\n<div class=\"wp-block-group is-content-justification-center is-nowrap is-layout-flex wp-container-core-group-is-layout-23441af8 wp-block-group-is-layout-flex\">\n<figure class=\"wp-block-image size-large is-resized\"><img loading=\"lazy\" decoding=\"async\" width=\"768\" height=\"1024\" src=\"https:\/\/erikavansteensburg.com\/newsite\/wp-content\/uploads\/2023\/10\/IMG_20211118_112202543-768x1024.jpg\" alt=\"\" class=\"wp-image-361\" style=\"aspect-ratio:1;width:300px;height:auto\" srcset=\"https:\/\/erikavansteensburg.com\/wp-content\/uploads\/2023\/10\/IMG_20211118_112202543-768x1024.jpg 768w, https:\/\/erikavansteensburg.com\/wp-content\/uploads\/2023\/10\/IMG_20211118_112202543-225x300.jpg 225w, https:\/\/erikavansteensburg.com\/wp-content\/uploads\/2023\/10\/IMG_20211118_112202543-1152x1536.jpg 1152w, https:\/\/erikavansteensburg.com\/wp-content\/uploads\/2023\/10\/IMG_20211118_112202543.jpg 1200w\" sizes=\"auto, (max-width: 768px) 100vw, 768px\" \/><\/figure>\n\n\n\n<figure class=\"wp-block-image size-full is-resized\"><img loading=\"lazy\" decoding=\"async\" width=\"1024\" height=\"1024\" src=\"https:\/\/erikavansteensburg.com\/newsite\/wp-content\/uploads\/2023\/10\/image-13.jpeg\" alt=\"This image has an empty alt attribute; its file name is 336072776_2636338573174953_2251369708560792493_n-1024x1024.jpg\" class=\"wp-image-359\" style=\"aspect-ratio:1;width:301px;height:auto\" srcset=\"https:\/\/erikavansteensburg.com\/wp-content\/uploads\/2023\/10\/image-13.jpeg 1024w, https:\/\/erikavansteensburg.com\/wp-content\/uploads\/2023\/10\/image-13-300x300.jpeg 300w, https:\/\/erikavansteensburg.com\/wp-content\/uploads\/2023\/10\/image-13-150x150.jpeg 150w, https:\/\/erikavansteensburg.com\/wp-content\/uploads\/2023\/10\/image-13-768x768.jpeg 768w\" sizes=\"auto, (max-width: 1024px) 100vw, 1024px\" \/><\/figure>\n\n\n\n<figure class=\"wp-block-image size-full is-resized\"><img loading=\"lazy\" decoding=\"async\" width=\"768\" height=\"1024\" src=\"https:\/\/erikavansteensburg.com\/newsite\/wp-content\/uploads\/2023\/10\/image.webp\" alt=\"This image has an empty alt attribute; its file name is IMG20220710114302-scaled.jpg-768x1024.webp\" class=\"wp-image-356\" style=\"aspect-ratio:0.75;width:227px;height:auto\" srcset=\"https:\/\/erikavansteensburg.com\/wp-content\/uploads\/2023\/10\/image.webp 768w, https:\/\/erikavansteensburg.com\/wp-content\/uploads\/2023\/10\/image-225x300.webp 225w\" sizes=\"auto, (max-width: 768px) 100vw, 768px\" \/><\/figure>\n<\/div>\n\n\n\n<p>Tutti gli animali sono esseri senzienti. Gli animali sono sensibili e in grado di condividere i nostri sentimenti. Il lavoro di guarigione si basa su questa convinzione ed \u00e8 parte integrante della mia pratica e metodologia di guarigione. La maggior parte delle persone che hanno avuto a che fare con cani e cavalli e anche coloro che hanno poca o nessuna esperienza con gli animali hanno sentito qualcosa di simile a \"se hai paura, loro lo sapranno... lo percepiranno\".  Se gli animali possono condividere la nostra paura, quali altri sentimenti potrebbero condividere? In realt\u00e0, l'affermazione di cui sopra dice che l'animale sente quello che sentiamo noi... pu\u00f2 sentire la paura, la rabbia, la frustrazione, la tristezza, ma pu\u00f2 anche sentire e condividere la nostra gioia, la pace e l'amore.<\/p>\n\n\n\n<p>Durante una sessione di guarigione, gli animali a volte mostrano un occhio assonnato e un portamento della testa abbassato o si sdraiano (segni di tranquillit\u00e0). Possono sbadigliare o agitarsi (segni di rilascio della tensione). Possono grattarsi o avere prurito (sentimenti che vengono a galla). Possono leccarsi o boccheggiare (segni di ricezione della guarigione\/pace). Possono presentarmi una parte del loro corpo che li preoccupa o guidarmi verso un'area in cui hanno bisogno di sostegno. Cercher\u00f2 questi segnali e i segni di uno stato d'animo pacifico. A volte riescono a farlo rapidamente, altre volte sono necessarie pi\u00f9 sedute. Anche un piccolo progresso pu\u00f2 essere profondo per l'animale.<\/p>\n\n\n\n<p>Dopo una seduta, l'animale pu\u00f2 apparire pi\u00f9 rilassato e persino assonnato. Alcuni animali avranno un aumento di energia e diventeranno giocherelloni. Non consiglio di fare attivit\u00e0 fisica intensa dopo una seduta, perch\u00e9 gli effetti benefici della guarigione possono continuare per 24 ore e pi\u00f9 e l'animale deve poter approfittare di questo periodo di riposo. Le sedute aiutano l'operatore a comprendere il comportamento, i desideri e i bisogni dell'animale. Queste intuizioni aiutano ad approfondire la relazione tra l'utente e l'animale. La guarigione pu\u00f2 favorire un comportamento pi\u00f9 calmo, un miglioramento del comportamento, una maggiore facilit\u00e0 di movimento e una connessione pi\u00f9 fiduciosa tra voi e il vostro amico animale.<\/p>","protected":false},"excerpt":{"rendered":"<p>What is your animal experiencing? All animals are sentient beings. Animals are sensitive to and are able to share our feelings. Healing work is premised on this belief [&hellip;]<\/p>\n","protected":false},"author":1,"featured_media":0,"parent":0,"menu_order":0,"comment_status":"closed","ping_status":"closed","template":"","meta":{"footnotes":""},"class_list":["post-355","page","type-page","status-publish","hentry"],"aioseo_notices":[],"_links":{"self":[{"href":"http:\/\/erikavansteensburg.com\/it\/wp-json\/wp\/v2\/pages\/355","targetHints":{"allow":["GET"]}}],"collection":[{"href":"http:\/\/erikavansteensburg.com\/it\/wp-json\/wp\/v2\/pages"}],"about":[{"href":"http:\/\/erikavansteensburg.com\/it\/wp-json\/wp\/v2\/types\/page"}],"author":[{"embeddable":true,"href":"http:\/\/erikavansteensburg.com\/it\/wp-json\/wp\/v2\/users\/1"}],"replies":[{"embeddable":true,"href":"http:\/\/erikavansteensburg.com\/it\/wp-json\/wp\/v2\/comments?post=355"}],"version-history":[{"count":1,"href":"http:\/\/erikavansteensburg.com\/it\/wp-json\/wp\/v2\/pages\/355\/revisions"}],"predecessor-version":[{"id":497,"href":"http:\/\/erikavansteensburg.com\/it\/wp-json\/wp\/v2\/pages\/355\/revisions\/497"}],"wp:attachment":[{"href":"http:\/\/erikavansteensburg.com\/it\/wp-json\/wp\/v2\/media?parent=355"}],"curies":[{"name":"wp","href":"https:\/\/api.w.org\/{rel}","templated":true}]}}